{"id":6,"date":"2014-05-17T11:43:46","date_gmt":"2014-05-17T09:43:46","guid":{"rendered":"http:\/\/www.xn--kaminfeuer-gstrow-e3b.de\/?page_id=6"},"modified":"2025-09-24T07:01:01","modified_gmt":"2025-09-24T05:01:01","slug":"willkommen","status":"publish","type":"page","link":"https:\/\/www.xn--kaminfeuer-gstrow-e3b.de\/","title":{"rendered":"Willkommen"},"content":{"rendered":"<p>Herzlich Willkommen im Restaurant \u201eKaminfeuer\u201c in G\u00fcstrow!<\/p>\n<hr>\n<blockquote>\n<h4>Bis auf weiteres kein \u00f6ffentlicher Restaurantbetrieb<\/h4>\n<p>F\u00fcr Familienfeiern aller Art, Firmenfeiern, Brunchbuffets, Trauerfeiern und au\u00dfer-Haus-Lieferungen ab 15 Personen stehen wir Ihnen gerne zur Verf\u00fcgung.<\/p>\n<p>Am Wochenende auch Mittagstisch auf Vorbestellung in kleiner Personenzahl m\u00f6glich.<\/p>\n<p><strong>Bitte reservieren Sie unter Telefon 03843 331014.<\/strong><\/p>\n<p>Alle bisherigen Gutscheine und Reservierungen bleiben bestehen.<\/p><\/blockquote>\n<hr>\n<p>Unsere Gastst\u00e4tte befindet sich gegen\u00fcber der Fachhochschule f\u00fcr \u00d6ffentliche Verwaltung und Polizei im Goldberger Viertel in der Bistede 1.<\/p>\n<p>Hier erwartet Sie eine famili\u00e4re Atmosph\u00e4re mit gutb\u00fcrgerlicher K\u00fcche und fachgerechter individueller Bedienung.<\/p>\n<p>Bei einer Gesamtkapazit\u00e4t von 60 Pl\u00e4tzen l\u00e4dt der beliebte Clubraum mit ca. 40 Pl\u00e4tzen f\u00fcr Familienfeiern aller Art ein.<\/p>\n<p>Auf Grund der gro\u00dfen Nachfrage nach separaten R\u00e4umen wurden nochmal neue Gastr\u00e4ume mit einer Kapazit\u00e4t von 20 und 10 Pl\u00e4tzen erschlossen.<\/p>\n<p>Ebenfalls gro\u00dfen Anklang findet unser Au\u00dfer-Haus Gesch\u00e4ft von Canapes bis zum Komplettb\u00fcfett (siehe Catering).<\/p>\n","protected":false},"excerpt":{"rendered":"<p>Herzlich Willkommen im Restaurant \u201eKaminfeuer\u201c in G\u00fcstrow! Bis auf weiteres kein \u00f6ffentlicher Restaurantbetrieb F\u00fcr Familienfeiern aller Art, Firmenfeiern, Brunchbuffets, Trauerfeiern und au\u00dfer-Haus-Lieferungen ab 15 Personen stehen wir Ihnen gerne zur Verf\u00fcgung. Am Wochenende auch Mittagstisch auf Vorbestellung in kleiner Personenzahl m\u00f6glich. Bitte reservieren Sie unter Telefon 03843 331014. Alle bisherigen Gutscheine und Reservierungen bleiben bestehen. &hellip; <a href=\"https:\/\/www.xn--kaminfeuer-gstrow-e3b.de\/\" class=\"more-link\"><span class=\"screen-reader-text\">Willkommen<\/span> weiterlesen <span class=\"meta-nav\">&rarr;<\/span><\/a><\/p>\n","protected":false},"author":1,"featured_media":0,"parent":0,"menu_order":0,"comment_status":"closed","ping_status":"closed","template":"","meta":{"ngg_post_thumbnail":0,"footnotes":""},"class_list":["post-6","page","type-page","status-publish","hentry"],"_links":{"self":[{"href":"https:\/\/www.xn--kaminfeuer-gstrow-e3b.de\/index.php?rest_route=\/wp\/v2\/pages\/6","targetHints":{"allow":["GET"]}}],"collection":[{"href":"https:\/\/www.xn--kaminfeuer-gstrow-e3b.de\/index.php?rest_route=\/wp\/v2\/pages"}],"about":[{"href":"https:\/\/www.xn--kaminfeuer-gstrow-e3b.de\/index.php?rest_route=\/wp\/v2\/types\/page"}],"author":[{"embeddable":true,"href":"https:\/\/www.xn--kaminfeuer-gstrow-e3b.de\/index.php?rest_route=\/wp\/v2\/users\/1"}],"replies":[{"embeddable":true,"href":"https:\/\/www.xn--kaminfeuer-gstrow-e3b.de\/index.php?rest_route=%2Fwp%2Fv2%2Fcomments&post=6"}],"version-history":[{"count":16,"href":"https:\/\/www.xn--kaminfeuer-gstrow-e3b.de\/index.php?rest_route=\/wp\/v2\/pages\/6\/revisions"}],"predecessor-version":[{"id":257,"href":"https:\/\/www.xn--kaminfeuer-gstrow-e3b.de\/index.php?rest_route=\/wp\/v2\/pages\/6\/revisions\/257"}],"wp:attachment":[{"href":"https:\/\/www.xn--kaminfeuer-gstrow-e3b.de\/index.php?rest_route=%2Fwp%2Fv2%2Fmedia&parent=6"}],"curies":[{"name":"wp","href":"https:\/\/api.w.org\/{rel}","templated":true}]}}