{"id":11,"date":"2014-05-19T11:06:13","date_gmt":"2014-05-19T09:06:13","guid":{"rendered":"http:\/\/www.xn--kaminfeuer-gstrow-e3b.de\/?page_id=11"},"modified":"2023-11-23T10:32:12","modified_gmt":"2023-11-23T08:32:12","slug":"speisekarte","status":"publish","type":"page","link":"https:\/\/www.xn--kaminfeuer-gstrow-e3b.de\/?page_id=11","title":{"rendered":"Ferienwohnung"},"content":{"rendered":"<p>Die Ferienwohnung befindet sich im ersten ersten Stock eines 1937 erbauten Wohnhauses. Die Unterkunft wurde im Mai 2023 komplett saniert und bietet einen Wohnbereich mit bequemer Couch, Flachbild-TV und einen anschlie\u00dfenden, durch eine Glast\u00fcr abgetrennten Schlafraum.<\/p>\n<p>Au\u00dferdem gibt es eine voll ausgestattete K\u00fcche mit K\u00fchlschrank und Gefrierfach und einer Kaffeemaschine. Ein Backofen, ein Kochfeld, ein Toaster und ein Wasserkocher sind ebenfalls vorhanden. Das Bad bietet eine offene Dusche. Eine Kindert\u00fcr sichert die Treppe ab.<\/p>\n<p>Das dritte Zimmer bietet ab drei Personen eine weitere Schlafm\u00f6glichkeit mit Schlafcouch. Die Unterkunft befindet sich im selben Haus wie unser Restaurant Kaminfeuer, welches f\u00fcr Firmen- und Familienfeiern betrieben wird.<\/p>\n<p>Als Besitzer des anliegenden Restaurant Kaminfeuer haben wir schon immer gerne Leute empfangen, bewirtet und einen gro\u00dfen Wert auf Gastfreundschaft gelegt. Nach 30 Jahren in der Gastst\u00e4ttenbranche freuen wir uns umso mehr, Sie ab jetzt in unserem kleinen und feinen Ferienapartment willkommen zu hei\u00dfen.<\/p>\n<p><strong>Buchen Sie direkt unter Telefon 03843 331014<\/strong><\/p>\n<p><strong><a href=\"https:\/\/www.booking.com\/hotel\/de\/ferienwohnung-wasserturmblick\" rel=\"noopener\" target=\"_blank\">Ferienwohnung Klein &#038; Fein<\/a><\/strong><br \/>\n(externe Weiterleitung zu Booking.com)<\/p>\n","protected":false},"excerpt":{"rendered":"<p>Die Ferienwohnung befindet sich im ersten ersten Stock eines 1937 erbauten Wohnhauses. Die Unterkunft wurde im Mai 2023 komplett saniert und bietet einen Wohnbereich mit bequemer Couch, Flachbild-TV und einen anschlie\u00dfenden, durch eine Glast\u00fcr abgetrennten Schlafraum. Au\u00dferdem gibt es eine voll ausgestattete K\u00fcche mit K\u00fchlschrank und Gefrierfach und einer Kaffeemaschine. Ein Backofen, ein Kochfeld, ein &hellip; <a href=\"https:\/\/www.xn--kaminfeuer-gstrow-e3b.de\/?page_id=11\" class=\"more-link\"><span class=\"screen-reader-text\">Ferienwohnung<\/span> weiterlesen <span class=\"meta-nav\">&rarr;<\/span><\/a><\/p>\n","protected":false},"author":1,"featured_media":0,"parent":0,"menu_order":1,"comment_status":"closed","ping_status":"closed","template":"","meta":{"ngg_post_thumbnail":0,"footnotes":""},"class_list":["post-11","page","type-page","status-publish","hentry"],"_links":{"self":[{"href":"https:\/\/www.xn--kaminfeuer-gstrow-e3b.de\/index.php?rest_route=\/wp\/v2\/pages\/11","targetHints":{"allow":["GET"]}}],"collection":[{"href":"https:\/\/www.xn--kaminfeuer-gstrow-e3b.de\/index.php?rest_route=\/wp\/v2\/pages"}],"about":[{"href":"https:\/\/www.xn--kaminfeuer-gstrow-e3b.de\/index.php?rest_route=\/wp\/v2\/types\/page"}],"author":[{"embeddable":true,"href":"https:\/\/www.xn--kaminfeuer-gstrow-e3b.de\/index.php?rest_route=\/wp\/v2\/users\/1"}],"replies":[{"embeddable":true,"href":"https:\/\/www.xn--kaminfeuer-gstrow-e3b.de\/index.php?rest_route=%2Fwp%2Fv2%2Fcomments&post=11"}],"version-history":[{"count":71,"href":"https:\/\/www.xn--kaminfeuer-gstrow-e3b.de\/index.php?rest_route=\/wp\/v2\/pages\/11\/revisions"}],"predecessor-version":[{"id":252,"href":"https:\/\/www.xn--kaminfeuer-gstrow-e3b.de\/index.php?rest_route=\/wp\/v2\/pages\/11\/revisions\/252"}],"wp:attachment":[{"href":"https:\/\/www.xn--kaminfeuer-gstrow-e3b.de\/index.php?rest_route=%2Fwp%2Fv2%2Fmedia&parent=11"}],"curies":[{"name":"wp","href":"https:\/\/api.w.org\/{rel}","templated":true}]}}